{"id":627,"date":"2018-01-22T08:03:37","date_gmt":"2018-01-22T08:03:37","guid":{"rendered":"http:\/\/wp-royal.com\/themes\/ashe-free\/demo-import\/?page_id=627"},"modified":"2025-02-23T16:42:20","modified_gmt":"2025-02-23T15:42:20","slug":"tamas-nehez-tischler-und-dachdecker","status":"publish","type":"page","link":"https:\/\/neheztamasacs.hu\/de\/","title":{"rendered":"Tam\u00e1s NEH\u00c9Z &#8211; TISCHLER und DACHDECKER"},"content":{"rendered":"\t\t<div data-elementor-type=\"wp-page\" data-elementor-id=\"627\" class=\"elementor elementor-627\" data-elementor-post-type=\"page\">\n\t\t\t\t\t\t<section class=\"elementor-section elementor-top-section elementor-element elementor-element-e42f26a elementor-section-content-middle elementor-section-boxed elementor-section-height-default elementor-section-height-default\" data-id=\"e42f26a\" data-element_type=\"section\" data-e-type=\"section\" data-settings=\"{&quot;background_background&quot;:&quot;classic&quot;,&quot;shape_divider_top&quot;:&quot;triangle&quot;,&quot;shape_divider_top_negative&quot;:&quot;yes&quot;}\">\n\t\t\t\t\t<div class=\"elementor-shape elementor-shape-top\" aria-hidden=\"true\" data-negative=\"true\">\n\t\t\t<svg xmlns=\"http:\/\/www.w3.org\/2000\/svg\" viewBox=\"0 0 1000 100\" preserveAspectRatio=\"none\">\n\t<path class=\"elementor-shape-fill\" d=\"M500.2,94.7L0,0v100h1000V0L500.2,94.7z\"\/>\n<\/svg>\t\t<\/div>\n\t\t\t\t\t<div class=\"elementor-container elementor-column-gap-extended\">\n\t\t\t\t\t<div class=\"elementor-column elementor-col-50 elementor-top-column elementor-element elementor-element-e89df8c elementor-invisible\" data-id=\"e89df8c\" data-element_type=\"column\" data-e-type=\"column\" data-settings=\"{&quot;animation&quot;:&quot;bounceInLeft&quot;,&quot;animation_delay&quot;:250}\">\n\t\t\t<div class=\"elementor-widget-wrap elementor-element-populated\">\n\t\t\t\t\t\t<div class=\"elementor-element elementor-element-c4180fc elementor-position-top elementor-widget elementor-widget-image-box\" data-id=\"c4180fc\" data-element_type=\"widget\" data-e-type=\"widget\" data-widget_type=\"image-box.default\">\n\t\t\t\t<div class=\"elementor-widget-container\">\n\t\t\t\t\t<div class=\"elementor-image-box-wrapper\"><figure class=\"elementor-image-box-img\"><img fetchpriority=\"high\" decoding=\"async\" width=\"578\" height=\"578\" src=\"https:\/\/neheztamasacs.hu\/de\/wp-content\/uploads\/2023\/12\/nehez_tamas_acs_es_tetofedo.jpg\" class=\"elementor-animation-bounce-out attachment-full size-full wp-image-953\" alt=\"\" srcset=\"https:\/\/neheztamasacs.hu\/de\/wp-content\/uploads\/2023\/12\/nehez_tamas_acs_es_tetofedo.jpg 578w, https:\/\/neheztamasacs.hu\/de\/wp-content\/uploads\/2023\/12\/nehez_tamas_acs_es_tetofedo-300x300.jpg 300w, https:\/\/neheztamasacs.hu\/de\/wp-content\/uploads\/2023\/12\/nehez_tamas_acs_es_tetofedo-150x150.jpg 150w, https:\/\/neheztamasacs.hu\/de\/wp-content\/uploads\/2023\/12\/nehez_tamas_acs_es_tetofedo-75x75.jpg 75w\" sizes=\"(max-width: 578px) 100vw, 578px\" \/><\/figure><div class=\"elementor-image-box-content\"><h3 class=\"elementor-image-box-title\">Tam\u00e1s NEH\u00c9Z<\/h3><p class=\"elementor-image-box-description\">...<\/p><\/div><\/div>\t\t\t\t<\/div>\n\t\t\t\t<\/div>\n\t\t\t\t\t<\/div>\n\t\t<\/div>\n\t\t\t\t<div class=\"elementor-column elementor-col-50 elementor-top-column elementor-element elementor-element-9ad1d25 elementor-invisible\" data-id=\"9ad1d25\" data-element_type=\"column\" data-e-type=\"column\" data-settings=\"{&quot;background_background&quot;:&quot;classic&quot;,&quot;animation&quot;:&quot;bounceInRight&quot;,&quot;animation_delay&quot;:250}\">\n\t\t\t<div class=\"elementor-widget-wrap elementor-element-populated\">\n\t\t\t\t\t\t<div class=\"elementor-element elementor-element-3af083f elementor-invisible elementor-widget elementor-widget-heading\" data-id=\"3af083f\" data-element_type=\"widget\" data-e-type=\"widget\" data-settings=\"{&quot;_animation&quot;:&quot;bounceInRight&quot;,&quot;_animation_delay&quot;:500}\" data-widget_type=\"heading.default\">\n\t\t\t\t<div class=\"elementor-widget-container\">\n\t\t\t\t\t<h2 class=\"elementor-heading-title elementor-size-default\">\u00dcber mich<\/h2>\t\t\t\t<\/div>\n\t\t\t\t<\/div>\n\t\t\t\t<div class=\"elementor-element elementor-element-0f8ebd5 elementor-invisible elementor-widget elementor-widget-text-editor\" data-id=\"0f8ebd5\" data-element_type=\"widget\" data-e-type=\"widget\" data-settings=\"{&quot;_animation&quot;:&quot;bounceInRight&quot;,&quot;_animation_delay&quot;:750}\" data-widget_type=\"text-editor.default\">\n\t\t\t\t<div class=\"elementor-widget-container\">\n\t\t\t\t\t\t\t\t\t<p style=\"text-align: justify;\">Ich bin Tam\u00e1s Neh\u00e9z, Zimmermann- und Dachdeckermeister. Ich bin seit 1995 selbstst\u00e4ndig. Ich verf\u00fcge \u00fcber mehr als zwei Jahrzehnte Erfahrung im Bau und in der Bedachung von \u00f6ffentlichen Geb\u00e4uden und Einfamilienh\u00e4usern, die ich zusammen mit meinen Kollegen zur vollen Zufriedenheit meiner Kunden ausf\u00fchre. Ich bilde mich st\u00e4ndig weiter &#8211; wie das Sprichwort sagt: \u201eEin guter Priester lernt, bis er stirbt\u201c &#8211; und ich lerne von den besten, Meistern des Fachs die professionelle Anwendung neuer Technologien und neuer Materialien in der Praxis.<\/p>\t\t\t\t\t\t\t\t<\/div>\n\t\t\t\t<\/div>\n\t\t\t\t\t<\/div>\n\t\t<\/div>\n\t\t\t\t\t<\/div>\n\t\t<\/section>\n\t\t<div class=\"elementor-element elementor-element-8fbddd8 e-con-full e-flex e-con e-parent\" data-id=\"8fbddd8\" data-element_type=\"container\" data-e-type=\"container\" data-settings=\"{&quot;background_background&quot;:&quot;classic&quot;,&quot;shape_divider_top&quot;:&quot;triangle&quot;,&quot;shape_divider_top_negative&quot;:&quot;yes&quot;}\">\n\t\t\t\t<div class=\"elementor-shape elementor-shape-top\" aria-hidden=\"true\" data-negative=\"true\">\n\t\t\t<svg xmlns=\"http:\/\/www.w3.org\/2000\/svg\" viewBox=\"0 0 1000 100\" preserveAspectRatio=\"none\">\n\t<path class=\"elementor-shape-fill\" d=\"M500.2,94.7L0,0v100h1000V0L500.2,94.7z\"\/>\n<\/svg>\t\t<\/div>\n\t\t\t\t<div class=\"elementor-element elementor-element-2086dd1 elementor-widget elementor-widget-spacer\" data-id=\"2086dd1\" data-element_type=\"widget\" data-e-type=\"widget\" data-widget_type=\"spacer.default\">\n\t\t\t\t<div class=\"elementor-widget-container\">\n\t\t\t\t\t\t\t<div class=\"elementor-spacer\">\n\t\t\t<div class=\"elementor-spacer-inner\"><\/div>\n\t\t<\/div>\n\t\t\t\t\t\t<\/div>\n\t\t\t\t<\/div>\n\t\t<div class=\"elementor-element elementor-element-cef754a e-flex e-con-boxed e-con e-child\" data-id=\"cef754a\" data-element_type=\"container\" data-e-type=\"container\">\n\t\t\t\t\t<div class=\"e-con-inner\">\n\t\t\t\t<div class=\"elementor-element elementor-element-b01b6a1 elementor-headline--style-highlight elementor-invisible elementor-widget elementor-widget-animated-headline\" data-id=\"b01b6a1\" data-element_type=\"widget\" data-e-type=\"widget\" data-settings=\"{&quot;marker&quot;:&quot;underline&quot;,&quot;highlighted_text&quot;:&quot;Meine Dienstleistungen&quot;,&quot;_animation&quot;:&quot;fadeInUp&quot;,&quot;headline_style&quot;:&quot;highlight&quot;,&quot;loop&quot;:&quot;yes&quot;,&quot;highlight_animation_duration&quot;:1200,&quot;highlight_iteration_delay&quot;:8000}\" data-widget_type=\"animated-headline.default\">\n\t\t\t\t<div class=\"elementor-widget-container\">\n\t\t\t\t\t\t\t<h3 class=\"elementor-headline\">\n\t\t\t\t<span class=\"elementor-headline-dynamic-wrapper elementor-headline-text-wrapper\">\n\t\t\t\t\t<span class=\"elementor-headline-dynamic-text elementor-headline-text-active\">Meine Dienstleistungen<\/span>\n\t\t\t\t<\/span>\n\t\t\t\t<\/h3>\n\t\t\t\t\t\t<\/div>\n\t\t\t\t<\/div>\n\t\t\t\t<div class=\"elementor-element elementor-element-e2f1826 elementor-widget elementor-widget-spacer\" data-id=\"e2f1826\" data-element_type=\"widget\" data-e-type=\"widget\" data-widget_type=\"spacer.default\">\n\t\t\t\t<div class=\"elementor-widget-container\">\n\t\t\t\t\t\t\t<div class=\"elementor-spacer\">\n\t\t\t<div class=\"elementor-spacer-inner\"><\/div>\n\t\t<\/div>\n\t\t\t\t\t\t<\/div>\n\t\t\t\t<\/div>\n\t\t<div class=\"elementor-element elementor-element-cfdba11 e-flex e-con-boxed e-con e-child\" data-id=\"cfdba11\" data-element_type=\"container\" data-e-type=\"container\" data-settings=\"{&quot;background_background&quot;:&quot;classic&quot;}\">\n\t\t\t\t\t<div class=\"e-con-inner\">\n\t\t\t\t<div class=\"elementor-element elementor-element-2d4a2a3 elementor-grid-3 elementor-grid-tablet-2 elementor-grid-mobile-1 elementor-invisible elementor-widget elementor-widget-portfolio\" data-id=\"2d4a2a3\" data-element_type=\"widget\" data-e-type=\"widget\" data-settings=\"{&quot;item_ratio&quot;:{&quot;unit&quot;:&quot;px&quot;,&quot;size&quot;:0.5,&quot;sizes&quot;:[]},&quot;_animation&quot;:&quot;bounceInUp&quot;,&quot;row_gap&quot;:{&quot;unit&quot;:&quot;px&quot;,&quot;size&quot;:10,&quot;sizes&quot;:[]},&quot;columns&quot;:&quot;3&quot;,&quot;columns_tablet&quot;:&quot;2&quot;,&quot;columns_mobile&quot;:&quot;1&quot;,&quot;item_gap&quot;:{&quot;unit&quot;:&quot;px&quot;,&quot;size&quot;:&quot;&quot;,&quot;sizes&quot;:[]}}\" data-widget_type=\"portfolio.default\">\n\t\t\t\t<div class=\"elementor-widget-container\">\n\t\t\t\t\t\t\t<ul class=\"elementor-portfolio__filters\">\n\t\t\t<li class=\"elementor-portfolio__filter elementor-active\" tabindex=\"0\" data-filter=\"__all\">Alle<\/li>\n\t\t\t\t\t\t\t<li class=\"elementor-portfolio__filter\" tabindex=\"0\" data-filter=\"23\">Abriss, Reparatur und Renovierung alter D\u00e4cher<\/li>\n\t\t\t\t\t\t\t<li class=\"elementor-portfolio__filter\" tabindex=\"0\" data-filter=\"24\">Bau von Terrassen, Carports<\/li>\n\t\t\t\t\t\t\t<li class=\"elementor-portfolio__filter\" tabindex=\"0\" data-filter=\"22\">Bedachung<\/li>\n\t\t\t\t\t\t\t<li class=\"elementor-portfolio__filter\" tabindex=\"0\" data-filter=\"26\">D\u00e4cher, Trockenbau<\/li>\n\t\t\t\t\t\t\t<li class=\"elementor-portfolio__filter\" tabindex=\"0\" data-filter=\"25\">Einbau und Austausch von Dachfenstern<\/li>\n\t\t\t\t\t\t\t<li class=\"elementor-portfolio__filter\" tabindex=\"0\" data-filter=\"21\">Komplette Dacheindeckung<\/li>\n\t\t\t\t\t<\/ul>\n\t\t\t\t<div class=\"elementor-portfolio elementor-grid elementor-posts-container\" role=\"list\">\n\t\t\t\t<article class=\"elementor-portfolio-item elementor-post elementor-filter-21 post-827 post type-post status-publish format-standard has-post-thumbnail hentry category-komplette-dacheindeckung\" role=\"listitem\">\n\t\t\t<a class=\"elementor-post__thumbnail__link\" href=\"https:\/\/neheztamasacs.hu\/de\/komplette-dacheindeckung\/\">\n\t\t\t\t<div class=\"elementor-portfolio-item__img elementor-post__thumbnail\">\n\t\t\t<img decoding=\"async\" width=\"300\" height=\"200\" src=\"https:\/\/neheztamasacs.hu\/de\/wp-content\/uploads\/2017\/08\/tetokeszites-300x200.webp\" class=\"attachment-medium size-medium wp-image-819\" alt=\"\" srcset=\"https:\/\/neheztamasacs.hu\/de\/wp-content\/uploads\/2017\/08\/tetokeszites-300x200.webp 300w, https:\/\/neheztamasacs.hu\/de\/wp-content\/uploads\/2017\/08\/tetokeszites.webp 600w\" sizes=\"(max-width: 300px) 100vw, 300px\" \/>\t\t<\/div>\n\t\t\t\t<div class=\"elementor-portfolio-item__overlay\">\n\t\t\t\t<h3 class=\"elementor-portfolio-item__title\">\n\t\tKomplette Dacheindeckung\t\t<\/h3>\n\t\t\t\t<\/div>\n\t\t\t\t<\/a>\n\t\t<\/article>\n\t\t\t\t<article class=\"elementor-portfolio-item elementor-post elementor-filter-25 post-843 post type-post status-publish format-standard has-post-thumbnail hentry category-einbau-und-austausch-von-dachfenstern\" role=\"listitem\">\n\t\t\t<a class=\"elementor-post__thumbnail__link\" href=\"https:\/\/neheztamasacs.hu\/de\/einbau-und-austausch-von-dachfenstern\/\">\n\t\t\t\t<div class=\"elementor-portfolio-item__img elementor-post__thumbnail\">\n\t\t\t<img decoding=\"async\" width=\"300\" height=\"200\" src=\"https:\/\/neheztamasacs.hu\/de\/wp-content\/uploads\/2017\/08\/tetoablak-300x200.webp\" class=\"attachment-medium size-medium wp-image-818\" alt=\"\" srcset=\"https:\/\/neheztamasacs.hu\/de\/wp-content\/uploads\/2017\/08\/tetoablak-300x200.webp 300w, https:\/\/neheztamasacs.hu\/de\/wp-content\/uploads\/2017\/08\/tetoablak.webp 600w\" sizes=\"(max-width: 300px) 100vw, 300px\" \/>\t\t<\/div>\n\t\t\t\t<div class=\"elementor-portfolio-item__overlay\">\n\t\t\t\t<h3 class=\"elementor-portfolio-item__title\">\n\t\tEinbau und Austausch von Dachfenstern\t\t<\/h3>\n\t\t\t\t<\/div>\n\t\t\t\t<\/a>\n\t\t<\/article>\n\t\t\t\t<article class=\"elementor-portfolio-item elementor-post elementor-filter-26 post-849 post type-post status-publish format-standard has-post-thumbnail hentry category-dacher-trockenbau\" role=\"listitem\">\n\t\t\t<a class=\"elementor-post__thumbnail__link\" href=\"https:\/\/neheztamasacs.hu\/de\/dacher-trockenbau\/\">\n\t\t\t\t<div class=\"elementor-portfolio-item__img elementor-post__thumbnail\">\n\t\t\t<img loading=\"lazy\" decoding=\"async\" width=\"300\" height=\"200\" src=\"https:\/\/neheztamasacs.hu\/de\/wp-content\/uploads\/2017\/08\/gipszkarton-300x200.webp\" class=\"attachment-medium size-medium wp-image-816\" alt=\"\" srcset=\"https:\/\/neheztamasacs.hu\/de\/wp-content\/uploads\/2017\/08\/gipszkarton-300x200.webp 300w, https:\/\/neheztamasacs.hu\/de\/wp-content\/uploads\/2017\/08\/gipszkarton.webp 600w\" sizes=\"(max-width: 300px) 100vw, 300px\" \/>\t\t<\/div>\n\t\t\t\t<div class=\"elementor-portfolio-item__overlay\">\n\t\t\t\t<h3 class=\"elementor-portfolio-item__title\">\n\t\tD\u00e4cher, Trockenbau\t\t<\/h3>\n\t\t\t\t<\/div>\n\t\t\t\t<\/a>\n\t\t<\/article>\n\t\t\t\t<article class=\"elementor-portfolio-item elementor-post elementor-filter-22 post-93 post type-post status-publish format-standard has-post-thumbnail hentry category-bedachung\" role=\"listitem\">\n\t\t\t<a class=\"elementor-post__thumbnail__link\" href=\"https:\/\/neheztamasacs.hu\/de\/bedachung\/\">\n\t\t\t\t<div class=\"elementor-portfolio-item__img elementor-post__thumbnail\">\n\t\t\t<img loading=\"lazy\" decoding=\"async\" width=\"200\" height=\"300\" src=\"https:\/\/neheztamasacs.hu\/de\/wp-content\/uploads\/2017\/08\/nehez_tamas_acs_roof_002-200x300.webp\" class=\"attachment-medium size-medium wp-image-817\" alt=\"\" srcset=\"https:\/\/neheztamasacs.hu\/de\/wp-content\/uploads\/2017\/08\/nehez_tamas_acs_roof_002-200x300.webp 200w, https:\/\/neheztamasacs.hu\/de\/wp-content\/uploads\/2017\/08\/nehez_tamas_acs_roof_002.webp 400w\" sizes=\"(max-width: 200px) 100vw, 200px\" \/>\t\t<\/div>\n\t\t\t\t<div class=\"elementor-portfolio-item__overlay\">\n\t\t\t\t<h3 class=\"elementor-portfolio-item__title\">\n\t\tBedachung\t\t<\/h3>\n\t\t\t\t<\/div>\n\t\t\t\t<\/a>\n\t\t<\/article>\n\t\t\t\t<article class=\"elementor-portfolio-item elementor-post elementor-filter-24 post-845 post type-post status-publish format-standard has-post-thumbnail hentry category-bau-von-terrassen-carports\" role=\"listitem\">\n\t\t\t<a class=\"elementor-post__thumbnail__link\" href=\"https:\/\/neheztamasacs.hu\/de\/bau-von-terrassen-carports\/\">\n\t\t\t\t<div class=\"elementor-portfolio-item__img elementor-post__thumbnail\">\n\t\t\t<img loading=\"lazy\" decoding=\"async\" width=\"300\" height=\"200\" src=\"https:\/\/neheztamasacs.hu\/de\/wp-content\/uploads\/2017\/08\/fa-terasz-keszitese-300x200.webp\" class=\"attachment-medium size-medium wp-image-814\" alt=\"\" srcset=\"https:\/\/neheztamasacs.hu\/de\/wp-content\/uploads\/2017\/08\/fa-terasz-keszitese-300x200.webp 300w, https:\/\/neheztamasacs.hu\/de\/wp-content\/uploads\/2017\/08\/fa-terasz-keszitese.webp 600w\" sizes=\"(max-width: 300px) 100vw, 300px\" \/>\t\t<\/div>\n\t\t\t\t<div class=\"elementor-portfolio-item__overlay\">\n\t\t\t\t<h3 class=\"elementor-portfolio-item__title\">\n\t\tBau von Terrassen, Carports\t\t<\/h3>\n\t\t\t\t<\/div>\n\t\t\t\t<\/a>\n\t\t<\/article>\n\t\t\t\t<article class=\"elementor-portfolio-item elementor-post elementor-filter-23 post-847 post type-post status-publish format-standard has-post-thumbnail hentry category-abriss-reparatur-und-renovierung-alter-dacher\" role=\"listitem\">\n\t\t\t<a class=\"elementor-post__thumbnail__link\" href=\"https:\/\/neheztamasacs.hu\/de\/abriss-reparatur-und-renovierung-alter-dacher\/\">\n\t\t\t\t<div class=\"elementor-portfolio-item__img elementor-post__thumbnail\">\n\t\t\t<img loading=\"lazy\" decoding=\"async\" width=\"300\" height=\"169\" src=\"https:\/\/neheztamasacs.hu\/de\/wp-content\/uploads\/2017\/08\/viharkar-300x169.webp\" class=\"attachment-medium size-medium wp-image-784\" alt=\"\" srcset=\"https:\/\/neheztamasacs.hu\/de\/wp-content\/uploads\/2017\/08\/viharkar-300x169.webp 300w, https:\/\/neheztamasacs.hu\/de\/wp-content\/uploads\/2017\/08\/viharkar-1024x576.webp 1024w, https:\/\/neheztamasacs.hu\/de\/wp-content\/uploads\/2017\/08\/viharkar-768x432.webp 768w, https:\/\/neheztamasacs.hu\/de\/wp-content\/uploads\/2017\/08\/viharkar-1536x864.webp 1536w, https:\/\/neheztamasacs.hu\/de\/wp-content\/uploads\/2017\/08\/viharkar-2048x1152.webp 2048w, https:\/\/neheztamasacs.hu\/de\/wp-content\/uploads\/2017\/08\/viharkar-1140x641.webp 1140w\" sizes=\"(max-width: 300px) 100vw, 300px\" \/>\t\t<\/div>\n\t\t\t\t<div class=\"elementor-portfolio-item__overlay\">\n\t\t\t\t<h3 class=\"elementor-portfolio-item__title\">\n\t\tAbriss, Reparatur und Renovierung alter D\u00e4cher\t\t<\/h3>\n\t\t\t\t<\/div>\n\t\t\t\t<\/a>\n\t\t<\/article>\n\t\t\t\t<\/div>\n\t\t\t\t\t\t<\/div>\n\t\t\t\t<\/div>\n\t\t\t\t\t<\/div>\n\t\t\t\t<\/div>\n\t\t\t\t<div class=\"elementor-element elementor-element-d7bdfa1 elementor-widget elementor-widget-spacer\" data-id=\"d7bdfa1\" data-element_type=\"widget\" data-e-type=\"widget\" data-widget_type=\"spacer.default\">\n\t\t\t\t<div class=\"elementor-widget-container\">\n\t\t\t\t\t\t\t<div class=\"elementor-spacer\">\n\t\t\t<div class=\"elementor-spacer-inner\"><\/div>\n\t\t<\/div>\n\t\t\t\t\t\t<\/div>\n\t\t\t\t<\/div>\n\t\t\t\t<div class=\"elementor-element elementor-element-c79ea9f elementor-headline--style-highlight elementor-invisible elementor-widget elementor-widget-animated-headline\" data-id=\"c79ea9f\" data-element_type=\"widget\" data-e-type=\"widget\" data-settings=\"{&quot;marker&quot;:&quot;underline&quot;,&quot;highlighted_text&quot;:&quot;Lesenswert&quot;,&quot;_animation&quot;:&quot;fadeInUp&quot;,&quot;headline_style&quot;:&quot;highlight&quot;,&quot;loop&quot;:&quot;yes&quot;,&quot;highlight_animation_duration&quot;:1200,&quot;highlight_iteration_delay&quot;:8000}\" data-widget_type=\"animated-headline.default\">\n\t\t\t\t<div class=\"elementor-widget-container\">\n\t\t\t\t\t\t\t<h3 class=\"elementor-headline\">\n\t\t\t\t<span class=\"elementor-headline-dynamic-wrapper elementor-headline-text-wrapper\">\n\t\t\t\t\t<span class=\"elementor-headline-dynamic-text elementor-headline-text-active\">Lesenswert<\/span>\n\t\t\t\t<\/span>\n\t\t\t\t<\/h3>\n\t\t\t\t\t\t<\/div>\n\t\t\t\t<\/div>\n\t\t\t\t<div class=\"elementor-element elementor-element-aa4da37 elementor-widget elementor-widget-spacer\" data-id=\"aa4da37\" data-element_type=\"widget\" data-e-type=\"widget\" data-widget_type=\"spacer.default\">\n\t\t\t\t<div class=\"elementor-widget-container\">\n\t\t\t\t\t\t\t<div class=\"elementor-spacer\">\n\t\t\t<div class=\"elementor-spacer-inner\"><\/div>\n\t\t<\/div>\n\t\t\t\t\t\t<\/div>\n\t\t\t\t<\/div>\n\t\t\t\t\t<\/div>\n\t\t\t\t<\/div>\n\t\t\t\t<\/div>\n\t\t\t\t<section class=\"elementor-section elementor-top-section elementor-element elementor-element-6037a6c elementor-section-content-middle elementor-section-boxed elementor-section-height-default elementor-section-height-default\" data-id=\"6037a6c\" data-element_type=\"section\" data-e-type=\"section\" data-settings=\"{&quot;background_background&quot;:&quot;classic&quot;,&quot;shape_divider_top&quot;:&quot;triangle&quot;,&quot;shape_divider_top_negative&quot;:&quot;yes&quot;,&quot;shape_divider_bottom&quot;:&quot;triangle&quot;}\">\n\t\t\t\t\t<div class=\"elementor-shape elementor-shape-top\" aria-hidden=\"true\" data-negative=\"true\">\n\t\t\t<svg xmlns=\"http:\/\/www.w3.org\/2000\/svg\" viewBox=\"0 0 1000 100\" preserveAspectRatio=\"none\">\n\t<path class=\"elementor-shape-fill\" d=\"M500.2,94.7L0,0v100h1000V0L500.2,94.7z\"\/>\n<\/svg>\t\t<\/div>\n\t\t\t\t<div class=\"elementor-shape elementor-shape-bottom\" aria-hidden=\"true\" data-negative=\"false\">\n\t\t\t<svg xmlns=\"http:\/\/www.w3.org\/2000\/svg\" viewBox=\"0 0 1000 100\" preserveAspectRatio=\"none\">\n\t<path class=\"elementor-shape-fill\" d=\"M500,98.9L0,6.1V0h1000v6.1L500,98.9z\"\/>\n<\/svg>\t\t<\/div>\n\t\t\t\t\t<div class=\"elementor-container elementor-column-gap-extended\">\n\t\t\t\t\t<div class=\"elementor-column elementor-col-50 elementor-top-column elementor-element elementor-element-0aea269 elementor-invisible\" data-id=\"0aea269\" data-element_type=\"column\" data-e-type=\"column\" data-settings=\"{&quot;background_background&quot;:&quot;classic&quot;,&quot;animation&quot;:&quot;bounceInLeft&quot;,&quot;animation_delay&quot;:250}\">\n\t\t\t<div class=\"elementor-widget-wrap elementor-element-populated\">\n\t\t\t\t\t\t<div class=\"elementor-element elementor-element-5ee150a animated-slow elementor-invisible elementor-widget elementor-widget-image\" data-id=\"5ee150a\" data-element_type=\"widget\" data-e-type=\"widget\" data-settings=\"{&quot;_animation&quot;:&quot;fadeIn&quot;,&quot;_animation_delay&quot;:400}\" data-widget_type=\"image.default\">\n\t\t\t\t<div class=\"elementor-widget-container\">\n\t\t\t\t\t\t\t\t\t\t\t\t\t\t\t<img loading=\"lazy\" decoding=\"async\" width=\"600\" height=\"600\" src=\"https:\/\/neheztamasacs.hu\/de\/wp-content\/uploads\/2023\/12\/start_pic.webp\" class=\"attachment-large size-large wp-image-716\" alt=\"\" srcset=\"https:\/\/neheztamasacs.hu\/de\/wp-content\/uploads\/2023\/12\/start_pic.webp 600w, https:\/\/neheztamasacs.hu\/de\/wp-content\/uploads\/2023\/12\/start_pic-300x300.webp 300w, https:\/\/neheztamasacs.hu\/de\/wp-content\/uploads\/2023\/12\/start_pic-150x150.webp 150w, https:\/\/neheztamasacs.hu\/de\/wp-content\/uploads\/2023\/12\/start_pic-75x75.webp 75w\" sizes=\"(max-width: 600px) 100vw, 600px\" \/>\t\t\t\t\t\t\t\t\t\t\t\t\t\t\t<\/div>\n\t\t\t\t<\/div>\n\t\t\t\t\t<\/div>\n\t\t<\/div>\n\t\t\t\t<div class=\"elementor-column elementor-col-50 elementor-top-column elementor-element elementor-element-48475c1 elementor-invisible\" data-id=\"48475c1\" data-element_type=\"column\" data-e-type=\"column\" data-settings=\"{&quot;background_background&quot;:&quot;classic&quot;,&quot;animation&quot;:&quot;bounceInRight&quot;,&quot;animation_delay&quot;:250}\">\n\t\t\t<div class=\"elementor-widget-wrap elementor-element-populated\">\n\t\t\t\t\t\t<div class=\"elementor-element elementor-element-6741593 elementor-widget__width-initial elementor-invisible elementor-widget elementor-widget-text-editor\" data-id=\"6741593\" data-element_type=\"widget\" data-e-type=\"widget\" data-settings=\"{&quot;_animation&quot;:&quot;bounceInRight&quot;,&quot;_animation_delay&quot;:750}\" data-widget_type=\"text-editor.default\">\n\t\t\t\t<div class=\"elementor-widget-container\">\n\t\t\t\t\t\t\t\t\t<p>Wenn die Maurer H\u00e4user bauen<br \/>und die Zimmerleut\u2018 das Dach.<br \/>Das Werk ist damit vollendet,<br \/>Also unter \u201eDach und Fach\u201c!<\/p><p>Der Ordnung N\u00e4he ist der Himmel,<br \/>solang die Seel\u2018 im K\u00f6rper weilt,<br \/>so wie die Turmspitz\u2018 der Zimmerleut\u2018,<br \/>die sich an die hohen Wolken h\u00e4lt.<\/p><p>Erklimmt den Turm der Zimmermann,<br \/>das sch\u00f6ne Werk zu enden,<br \/>der Schnitzer steht in luftiger H\u00f6h\u2018. mit<br \/>pochendem Herzen<\/p><p>die sch\u00f6nen Werke der Schnitzer,<br \/>und die Werke der Zimmerm\u00e4nner,<br \/>bewundere die St\u00e4rke der<br \/>M\u00fchlenmeister,<br \/>denn nach Gott befehlen sie dem<br \/>Wasser.<\/p>\t\t\t\t\t\t\t\t<\/div>\n\t\t\t\t<\/div>\n\t\t\t\t\t<\/div>\n\t\t<\/div>\n\t\t\t\t\t<\/div>\n\t\t<\/section>\n\t\t\t\t<\/div>\n\t\t","protected":false},"excerpt":{"rendered":"<p>Tam\u00e1s NEH\u00c9Z &#8230; \u00dcber mich Ich bin Tam\u00e1s Neh\u00e9z, Zimmermann- und Dachdeckermeister. Ich bin seit 1995 selbstst\u00e4ndig. Ich verf\u00fcge \u00fcber mehr als zwei Jahrzehnte Erfahrung im Bau und in der Bedachung von \u00f6ffentlichen Geb\u00e4uden und Einfamilienh\u00e4usern, die ich zusammen mit meinen Kollegen zur vollen Zufriedenheit meiner Kunden ausf\u00fchre. Ich bilde mich st\u00e4ndig weiter &#8211; wie das Sprichwort sagt: \u201eEin guter Priester lernt, bis er stirbt\u201c &#8211; und ich lerne von den besten, Meistern des Fachs die professionelle Anwendung neuer Technologien und neuer Materialien in der Praxis. Meine Dienstleistungen Lesenswert Wenn die Maurer H\u00e4user bauenund die Zimmerleut\u2018 das Dach.Das Werk ist damit vollendet,Also unter \u201eDach und Fach\u201c! Der Ordnung N\u00e4he ist der Himmel,solang die Seel\u2018 im K\u00f6rper weilt,so wie die Turmspitz\u2018 der Zimmerleut\u2018,die sich an die hohen Wolken h\u00e4lt. Erklimmt den Turm der Zimmermann,das sch\u00f6ne Werk zu enden,der Schnitzer steht in luftiger H\u00f6h\u2018. mitpochendem Herzen die sch\u00f6nen Werke der Schnitzer,und die Werke der Zimmerm\u00e4nner,bewundere die St\u00e4rke derM\u00fchlenmeister,denn nach Gott befehlen sie demWasser.<\/p>\n","protected":false},"author":1,"featured_media":0,"parent":0,"menu_order":0,"comment_status":"closed","ping_status":"closed","template":"","meta":{"footnotes":""},"class_list":["post-627","page","type-page","status-publish","hentry"],"acf":[],"_links":{"self":[{"href":"https:\/\/neheztamasacs.hu\/de\/wp-json\/wp\/v2\/pages\/627","targetHints":{"allow":["GET"]}}],"collection":[{"href":"https:\/\/neheztamasacs.hu\/de\/wp-json\/wp\/v2\/pages"}],"about":[{"href":"https:\/\/neheztamasacs.hu\/de\/wp-json\/wp\/v2\/types\/page"}],"author":[{"embeddable":true,"href":"https:\/\/neheztamasacs.hu\/de\/wp-json\/wp\/v2\/users\/1"}],"replies":[{"embeddable":true,"href":"https:\/\/neheztamasacs.hu\/de\/wp-json\/wp\/v2\/comments?post=627"}],"version-history":[{"count":334,"href":"https:\/\/neheztamasacs.hu\/de\/wp-json\/wp\/v2\/pages\/627\/revisions"}],"predecessor-version":[{"id":1612,"href":"https:\/\/neheztamasacs.hu\/de\/wp-json\/wp\/v2\/pages\/627\/revisions\/1612"}],"wp:attachment":[{"href":"https:\/\/neheztamasacs.hu\/de\/wp-json\/wp\/v2\/media?parent=627"}],"curies":[{"name":"wp","href":"https:\/\/api.w.org\/{rel}","templated":true}]}}